{"id":3514,"date":"2022-07-17T10:28:12","date_gmt":"2022-07-17T10:28:12","guid":{"rendered":"https:\/\/olsun.pl\/?page_id=3514"},"modified":"2022-08-02T17:28:43","modified_gmt":"2022-08-02T17:28:43","slug":"home","status":"publish","type":"page","link":"https:\/\/olsun.pl\/","title":{"rendered":"Strona g\u0142\u00f3wna"},"content":{"rendered":"<div class=\"wpb-content-wrapper\"><p>[vc_section full_width=&#8221;stretch_row&#8221; pix_over_visibility=&#8221;&#8221; bottom_divider_select=&#8221;8&#8243; b_has_animation=&#8221;true&#8221; b_2_is_gradient=&#8221;true&#8221; b_2_color=&#8221;rgba(255,255,255,0.01)&#8221; b_2_color_2=&#8221;rgba(255,255,255,0.01)&#8221; b_3_is_gradient=&#8221;true&#8221; b_3_color=&#8221;rgba(0,0,0,0.08)&#8221; b_3_color_2=&#8221;rgba(255,255,255,0.01)&#8221; b_3_animation=&#8221;fade-in-up&#8221; top_divider_select=&#8221;8&#8243; t_has_animation=&#8221;true&#8221; t_1_color=&#8221;rgba(152,214,98,0.01)&#8221; t_2_color=&#8221;&#8221; t_3_color=&#8221;#98d662&#8243; t_3_animation=&#8221;fade-in-up&#8221; t_flip_h=&#8221;true&#8221; pix_overlay_color=&#8221;gradient-primary&#8221; responsive_css=&#8221;{&#8222;pix_res_sm_pt&#8222;:&#8222;20&#8222;,&#8222;pix_res_sm_pb&#8222;:&#8222;20&#8222;,&#8222;pix_res_md_pt&#8222;:&#8222;40&#8222;,&#8222;pix_res_md_pb&#8222;:&#8222;40&#8222;}&#8221; css=&#8221;.vc_custom_1616378765689{padding-top: 30px !important;padding-bottom: 30px !important;}&#8221; t_custom_height=&#8221;200px&#8221; b_custom_height=&#8221;300px&#8221; pix_overlay_opacity=&#8221;1&#8243; b_3_delay=&#8221;300&#8243; t_3_delay=&#8221;150&#8243;][vc_row full_width=&#8221;stretch_row&#8221; content_placement=&#8221;middle&#8221; pix_particles_check=&#8221;&#8221; responsive_css=&#8221;{&#8222;pix_res_sm_pt&#8222;:&#8222;40&#8222;,&#8222;pix_res_sm_pb&#8222;:&#8222;40&#8222;,&#8222;pix_res_md_pt&#8222;:&#8222;40&#8222;,&#8222;pix_res_md_pb&#8222;:&#8222;40&#8222;}&#8221; css=&#8221;.vc_custom_1607913008261{padding-top: 80px !important;padding-bottom: 80px !important;}&#8221;][vc_column width=&#8221;1\/2&#8243; css=&#8221;.vc_custom_1604715604745{padding-top: 20px !important;padding-bottom: 20px !important;}&#8221;]<div id=\"el1603925735052-9e8ebf61-2524\" class=\"pix-highlighted-element text-left  vc_custom_1658054111043\"><h2 class=\"pix-highlighted-items \" style=\"\" data-anim-type=\"\" data-anim-delay=\"0\"><span class=\"\"><span class=\"pix-highlighted-text pix-highlight-item font-weight-normal  heading-font text-white\">Zobacz jak mo\u017cemy pom\u00f3c <\/span><\/span><span id=\"el1603925735052-9e8ebf61-2524-1\" class=\"pix-highlight-bg align-middle2  el1603925735052-9e8ebf61-2524-1 animate-in\" data-anim-type=\"highlight-grow\" data-anim-delay=\"200\"><span class=\"pix-highlighted-text  pix-highlight-item font-weight-normal  font-weight-bold heading-font text-white\">Twojemu biznesowi<\/span><\/span><span class=\"\"><span class=\"pix-highlighted-text pix-highlight-item font-weight-normal  heading-font text-white\"> rosn\u0105\u0107<\/span><\/span><\/h2><\/div><div class=\"pix-el-text w-100   vc_custom_1658054175190\" ><p class=\"text-20  text-dark-opacity-5  \" >Wiele us\u0142ug, kt\u00f3re pomog\u0105 Tobie i Twojemu biznesowi wyj\u015b\u0107 na wy\u017cszy poziom.<\/p><\/div><a  href=\"https:\/\/olsun.pl\" class=\"btn mb-2     shadow-sm btn-secondary d-inline-block pix-hover-item       btn-lg\"     ><i class=\"font-weight-bold pixicon-bars-menu  pix-hover-left  mr-1\"><\/i> <span class=\"font-weight-bold \" >Nasze us\u0142ugi<\/span><\/a><a  href=\"https:\/\/olsun.pl\" class=\"btn mb-2     shadow-sm text-heading-default btn-white d-inline-block pix-hover-item       btn-lg\"     ><i class=\"font-weight-bold pixicon-phone  pix-hover-left  mr-1\"><\/i> <span class=\"font-weight-bold \" >Kontakt<\/span><\/a><div class=\"pix-el-text w-100   vc_custom_1607916341254\" ><p class=\" m-0 text-dark-opacity-5  font-weight-bold\" >Get our latest news and updates. No spam.<\/p><\/div>[\/vc_column][vc_column width=&#8221;1\/2&#8243; content_align=&#8221;text-center&#8221;]<div class=\"d-inline-block \" ><div class=\"pix-img-el    shadow-lg shadow-hover-lg scale-sm text-center d-inline-block  w-100 rounded-10\"  data-jarallax-element=\"50 \"><img loading=\"lazy\" decoding=\"async\" class=\"card-img2 pix-img-elem rounded-10  h-1002\" style=\"height:auto;\" width=\"800\" height=\"500\" srcset=\"https:\/\/olsun.pl\/wp-content\/uploads\/2020\/12\/company-intro-image.png 800w, https:\/\/olsun.pl\/wp-content\/uploads\/2020\/12\/company-intro-image-300x188.png 300w, https:\/\/olsun.pl\/wp-content\/uploads\/2020\/12\/company-intro-image-768x480.png 768w\" sizes=\"auto, (max-width: 800px) 100vw, 800px\" src=\"https:\/\/olsun.pl\/wp-content\/uploads\/2020\/12\/company-intro-image.png\" alt=\"\" \/><\/div><\/div>[\/vc_column][\/vc_row][\/vc_section][vc_section full_width=&#8221;stretch_row&#8221; pix_over_visibility=&#8221;&#8221; css=&#8221;.vc_custom_1607665774500{padding-top: 20px !important;padding-bottom: 20px !important;background-color: #ffffff !important;}&#8221; b_custom_height=&#8221;300px&#8221;][vc_row full_width=&#8221;stretch_row&#8221; pix_particles_check=&#8221;&#8221;][vc_column]<div id=\"pix-el-1658053804333-0e6945b7-6564\" class=\"\"><div class=\"row pix-waiting pix_tabs_container\"><div class=\"col-12 col-md-4 d-inline-block\"><div class=\"sticky-top\" style=\"top:110px;\"><div class=\"text-left\"><h6 class=\"pix-badge-element d-inline-block mr-1 \"  ><span class=\"badge font-weight-bold bg-dark-opacity-1  vc_custom_1658056604772  \" style=\" \"><span class=\"text-body-default\" style=\"\">Nasze marki<\/span><\/span><\/h6><\/div><div  class=\"pix-heading-el text-left \"><div><div class=\"slide-in-container\"><h3 class=\"text-heading-default font-weight-bold heading-text el-title_custom_color mb-12\" style=\"padding-top:20px;\" data-anim-type=\"\" data-anim-delay=\"0\">Wszystko co potrzebujesz - znajdziesz u nas<\/h3><\/div><\/div><div class=\"slide-in-container w-100\"><div class=\"mb-0 text-body-default text-20 animate-in\" data-anim-type=\"\" data-anim-delay=\"0\" style=\"padding-top:10px;\">Dostarczamy niezawodne rozwi\u0105zania dla ma\u0142ych i \u015brednich firm<\/div><\/div><\/div><div class=\"nav pix_tabs_btns text-left flex-column nav-pills pix-pills-solid \" data-anim-type=\"\" data-anim-delay=\"0\" role=\"tablist\" id=\"v-pills-tab\"  aria-orientation=\"vertical\" style=\"padding-top:30px;\"><div class=\"nav-item mx-0\"><a class=\"nav-link pix-tabs-btn text-24 py-2 mb-2 text-left font-weight-bold  secondary-font\" data-id=\"1589577576207-e495b1ba-e145\" id=\"pix-tab-btn-1589577576207-e495b1ba-e145\" role=\"tab\" data-toggle=\"pill\" href=\"#pix-tab-1589577576207-e495b1ba-e145\"  aria-controls=\"pix-tab-1589577576207-e495b1ba-e145\" aria-selected=\"true\"><i class=\"pixicon-rocket-1 mr-2\"><\/i> Hostbay<\/a><\/div><div class=\"nav-item mx-0\"><a class=\"nav-link pix-tabs-btn text-24 py-2 mb-2 text-left font-weight-bold  secondary-font\" data-id=\"1613519362386-b28f27cb-d8ca\" id=\"pix-tab-btn-1613519362386-b28f27cb-d8ca\" role=\"tab\" data-toggle=\"pill\" href=\"#pix-tab-1613519362386-b28f27cb-d8ca\"  aria-controls=\"pix-tab-1613519362386-b28f27cb-d8ca\" aria-selected=\"true\"><i class=\"pixicon-servers mr-2\"><\/i> Databay<\/a><\/div><div class=\"nav-item mx-0\"><a class=\"nav-link pix-tabs-btn text-24 py-2 mb-2 text-left font-weight-bold  secondary-font\" data-id=\"1613519309623-9b8fcee8-ea9e\" id=\"pix-tab-btn-1613519309623-9b8fcee8-ea9e\" role=\"tab\" data-toggle=\"pill\" href=\"#pix-tab-1613519309623-9b8fcee8-ea9e\"  aria-controls=\"pix-tab-1613519309623-9b8fcee8-ea9e\" aria-selected=\"true\"><i class=\"pixicon-icloud mr-2\"><\/i> Cloudbay<\/a><\/div><\/div><\/div><\/div><div class=\"col-12 col-md-8 d-inline-block\"><div class=\"pix_tabs_content \" data-anim-type=\"\" data-anim-delay=\"0\"><div class=\"tab-content text-center\"><div class=\"tab-pane fade-left show   vc_custom_1658057936474\" role=\"tabpanel\" data-toggle2=\"tab\" id=\"pix-tab-1589577576207-e495b1ba-e145\" data-bold=\"font-weight-bold\" data-italic=\"\" data-secondary=\"secondary-font\" data-id=\"1589577576207-e495b1ba-e145\" data-icon=\"pixicon-rocket-1\" data-title=\"Hostbay\" aria-labelledby=\"pix-tab-1589577576207-e495b1ba-e145\"><div class=\"card  overflow-hidden row no-gutters flex-column flex-md-row flex-md-row-reverse   vc_custom_1614126668982 shadow-sm shadow-hover-sm fly-sm \" ><div class=\"flex-column d-inline-flex position-relative col-md-6\"><img decoding=\"async\" class=\"pix-lazy card-img pix-fit-cover rounded-0 flex-grow-1 h-100\" src=\"https:\/\/olsun.pl\/wp-content\/plugins\/pixfort-core\/functions\/images\/loading.webp\" data-srcset=\"https:\/\/olsun.pl\/wp-content\/uploads\/2021\/02\/highlight-image-2-240x300.jpg 240w, https:\/\/olsun.pl\/wp-content\/uploads\/2021\/02\/highlight-image-2.jpg 400w\" data-src=\"https:\/\/olsun.pl\/wp-content\/uploads\/2021\/02\/highlight-image-2.jpg\" loading=\"lazy\" alt=\"\" \/><\/div><div class=\"card-body d-flex2 align-content-between flex-wrap col-md-6 p-lg-5 p-md-5 p-4 \"><div id=\"1607661717501-0735173f-64df\" class=\"pix-feature-el text-left  vc_custom_1658054808975\"><div class=\"d-inline-block \"   style=\"position:relative;text-align:center;\"><i style=\"display:inline-block;font-size:48px;line-height:48px;\" class=\"text-primary align-middle pixicon-rocket-1\"><\/i><\/div><h4 class=\"font-weight-bold   text-heading-default \" style=\"padding-top:20px;\"  >Odkryj nasz kosmiczny hosting. Bezpieczna i szybka przysta\u0144 dla Twoich stron.<\/h4><div class=\"text-text-gray      \" style=\"padding-top:20px;\"  ><\/div><\/div><div class=\"d-block w-100 text-left\"><a  href=\"https:\/\/hostbay.pl\" class=\"btn mb-2     btn-underline-primary d-inline-block pix-hover-item  no-padding     pix-btn-div btn-md\" target=\"_blank\" rel=\"noopener\"    ><span class=\"font-weight-bold \" >Hostbay<\/span> <i class=\"font-weight-bold pixicon-angle-circle-right  pix-hover-right  ml-1\"><\/i><\/a><\/div><\/div><\/div>\n<div class=\"pix-content-box card      vc_custom_1613346403238 custom-responsive-16575133   rounded-xl shadow-sm shadow-hover-sm fly-sm animate-in bg- w-100  \"  data-anim-type=\"fade-in-up\" data-anim-delay=\"200\"><div class=\"\" style=\"z-index:30;position:relative;\">[vc_row_inner][vc_column_inner width=&#8221;1\/2&#8243;]<div id=\"1613188255400-1c3794e2-3e1d\" class=\"media  vc_custom_1659460895722\"><div class=\"mr-3 feature_img \"   style=\"position:relative;text-align:center;\"><i style=\"display:inline-block;font-size:48px;min-width:48px;line-height:48px;\" class=\"text-primary align-middle pixicon-check-circle-2\"><\/i><\/div><div class=\"media-body text-left\"><h6 class=\"font-weight-bold  secondary-font text-heading-default  \" style=\"\"  >Hosting<\/h6><div class=\"text-body-default      \" style=\"padding-top:10px;\"  >Dla Twojej strony lub sklepu online.<\/div><\/div><\/div><div id=\"1613188264739-8a99bc83-7380\" class=\"media  vc_custom_1659460644197\"><div class=\"mr-3 feature_img \"   style=\"position:relative;text-align:center;\"><i style=\"display:inline-block;font-size:48px;min-width:48px;line-height:48px;\" class=\"text-primary align-middle pixicon-check-circle-2\"><\/i><\/div><div class=\"media-body text-left\"><h6 class=\"font-weight-bold  secondary-font text-heading-default  \" style=\"\"  >Domeny<\/h6><div class=\"text-body-default      \" style=\"padding-top:10px;\"  >Bogaty wyb\u00f3r domen.<\/div><\/div><\/div>[\/vc_column_inner][vc_column_inner width=&#8221;1\/2&#8243;]<div id=\"1613188255403-fc60daa3-175d\" class=\"media  vc_custom_1659460739594\"><div class=\"mr-3 feature_img \"   style=\"position:relative;text-align:center;\"><i style=\"display:inline-block;font-size:48px;min-width:48px;line-height:48px;\" class=\"text-primary align-middle pixicon-check-circle-2\"><\/i><\/div><div class=\"media-body text-left\"><h6 class=\"font-weight-bold  secondary-font text-heading-default  \" style=\"\"  >Certyfikaty SSL<\/h6><div class=\"text-body-default      \" style=\"padding-top:10px;\"  >Certyfikaty SSL na Twoje potrzeby.<\/div><\/div><\/div><div id=\"1613188268536-0d520df0-8f16\" class=\"media  vc_custom_1659460813675\"><div class=\"mr-3 feature_img \"   style=\"position:relative;text-align:center;\"><i style=\"display:inline-block;font-size:48px;min-width:48px;line-height:48px;\" class=\"text-primary align-middle pixicon-check-circle-2\"><\/i><\/div><div class=\"media-body text-left\"><h6 class=\"font-weight-bold  secondary-font text-heading-default  \" style=\"\"  >Serwery VPS<\/h6><div class=\"text-body-default      \" style=\"padding-top:10px;\"  >Serwery VPS na ka\u017cd\u0105 kiesze\u0144.<\/div><\/div><\/div>[\/vc_column_inner][\/vc_row_inner]<\/div><\/div><a  href=\"https:\/\/hostbay.pl\" class=\"btn mb-2     shadow-sm btn-secondary d-inline-block pix-hover-item       btn-lg\" target=\"_blank\" rel=\"noopener\"    ><i class=\"font-weight-bold pixicon-angle-circle-right  pix-hover-left  mr-1\"><\/i> <span class=\"font-weight-bold \" >Sprawd\u017a HOSTBAY<\/span><\/a><\/div><div class=\"tab-pane fade-left show   vc_custom_1658056923437\" role=\"tabpanel\" data-toggle2=\"tab\" id=\"pix-tab-1613519362386-b28f27cb-d8ca\" data-bold=\"font-weight-bold\" data-italic=\"\" data-secondary=\"secondary-font\" data-id=\"1613519362386-b28f27cb-d8ca\" data-icon=\"pixicon-servers\" data-title=\"Databay\" aria-labelledby=\"pix-tab-1613519362386-b28f27cb-d8ca\"><div class=\"card  overflow-hidden row no-gutters flex-column flex-md-row flex-md-row-reverse   vc_custom_1658056868589 shadow-sm shadow-hover-sm fly-sm \" ><div class=\"flex-column d-inline-flex position-relative col-md-6\"><img decoding=\"async\" class=\"pix-lazy card-img pix-fit-cover rounded-0 flex-grow-1 h-100\" src=\"https:\/\/olsun.pl\/wp-content\/plugins\/pixfort-core\/functions\/images\/loading.webp\" data-srcset=\"https:\/\/olsun.pl\/wp-content\/uploads\/2021\/02\/highlight-image-1-240x300.jpg 240w, https:\/\/olsun.pl\/wp-content\/uploads\/2021\/02\/highlight-image-1.jpg 400w\" data-src=\"https:\/\/olsun.pl\/wp-content\/uploads\/2021\/02\/highlight-image-1.jpg\" loading=\"lazy\" alt=\"\" \/><\/div><div class=\"card-body d-flex2 align-content-between flex-wrap col-md-6 p-lg-5 p-md-5 p-4 \"><div id=\"1613519362390-da5b577d-4357\" class=\"pix-feature-el text-left  vc_custom_1658057123845\"><div class=\"d-inline-block \"   style=\"position:relative;text-align:center;\"><i style=\"display:inline-block;font-size:48px;line-height:48px;\" class=\"text-primary align-middle pixicon-servers\"><\/i><\/div><h4 class=\"font-weight-bold   text-heading-default \" style=\"padding-top:20px;\"  >Odkryj niezawodne rozwi\u0105zania z naszego Data Center.<\/h4><div class=\"text-text-gray      \" style=\"padding-top:20px;\"  ><\/div><\/div><div class=\"d-block w-100 text-left\"><a  href=\"https:\/\/databay.pl\" class=\"btn mb-2     btn-underline-primary d-inline-block pix-hover-item  no-padding     pix-btn-div btn-md\" target=\"_blank\" rel=\"noopener\"    ><span class=\"font-weight-bold \" >Databay<\/span> <i class=\"font-weight-bold pixicon-angle-circle-right  pix-hover-right  ml-1\"><\/i><\/a><\/div><\/div><\/div>\n<div class=\"pix-content-box card      vc_custom_1613346403238 custom-responsive-191902981   rounded-xl shadow-sm shadow-hover-sm fly-sm animate-in bg- w-100  \"  data-anim-type=\"fade-in-up\" data-anim-delay=\"200\"><div class=\"\" style=\"z-index:30;position:relative;\">[vc_row_inner][vc_column_inner width=&#8221;1\/2&#8243;]<div id=\"1613519362396-2e8419a5-2535\" class=\"media  vc_custom_1614126700965\"><div class=\"mr-3 feature_img \"   style=\"position:relative;text-align:center;\"><i style=\"display:inline-block;font-size:48px;min-width:48px;line-height:48px;\" class=\"text-primary align-middle pixicon-mountains\"><\/i><\/div><div class=\"media-body text-left\"><h6 class=\"font-weight-bold  secondary-font text-heading-default  \" style=\"\"  >Easy to use features<\/h6><div class=\"text-body-default      \" style=\"padding-top:10px;\"  >This is just a simple text made for this unique and awesome template.<\/div><\/div><\/div><div id=\"1613519362398-a8b317d5-d075\" class=\"media  vc_custom_1613329030844\"><div class=\"mr-3 feature_img \"   style=\"position:relative;text-align:center;\"><i style=\"display:inline-block;font-size:48px;min-width:48px;line-height:48px;\" class=\"text-primary align-middle pixicon-users-2\"><\/i><\/div><div class=\"media-body text-left\"><h6 class=\"font-weight-bold  secondary-font text-heading-default  \" style=\"\"  >Join a friendly community<\/h6><div class=\"text-body-default      \" style=\"padding-top:10px;\"  >This is just a simple text made for this unique and awesome template.<\/div><\/div><\/div>[\/vc_column_inner][vc_column_inner width=&#8221;1\/2&#8243;]<div id=\"1613519362402-12196450-6e0f\" class=\"media  vc_custom_1613329587605\"><div class=\"mr-3 feature_img \"   style=\"position:relative;text-align:center;\"><i style=\"display:inline-block;font-size:48px;min-width:48px;line-height:48px;\" class=\"text-primary align-middle pixicon-world-map-3\"><\/i><\/div><div class=\"media-body text-left\"><h6 class=\"font-weight-bold  secondary-font text-heading-default  \" style=\"\"  >Join a friendly community<\/h6><div class=\"text-body-default      \" style=\"padding-top:10px;\"  >This is just a simple text made for this unique and awesome template.<\/div><\/div><\/div><div id=\"1613519362404-9bb18aa1-1ae3\" class=\"media  vc_custom_1613329706755\"><div class=\"mr-3 feature_img \"   style=\"position:relative;text-align:center;\"><i style=\"display:inline-block;font-size:48px;min-width:48px;line-height:48px;\" class=\"text-primary align-middle pixicon-qr-code\"><\/i><\/div><div class=\"media-body text-left\"><h6 class=\"font-weight-bold  secondary-font text-heading-default  \" style=\"\"  >Join a friendly community<\/h6><div class=\"text-body-default      \" style=\"padding-top:10px;\"  >This is just a simple text made for this unique and awesome template.<\/div><\/div><\/div>[\/vc_column_inner][\/vc_row_inner]<\/div><\/div><a  href=\"#\" class=\"btn mb-2     shadow-sm btn-primary d-inline-block pix-hover-item       btn-lg\"     ><i class=\"font-weight-bold pixicon-user-3  pix-hover-left  mr-1\"><\/i> <span class=\"font-weight-bold \" >Create an account<\/span><\/a><a  href=\"#\" class=\"btn mb-2     btn-underline-gray-6 d-inline-block pix-hover-item       btn-lg\"     ><span class=\"font-weight-bold \" >Start working on projects<\/span> <i class=\"font-weight-bold pixicon-angle-circle-right  pix-hover-right  ml-1\"><\/i><\/a><\/div><div class=\"tab-pane fade-left show   vc_custom_1658057985921\" role=\"tabpanel\" data-toggle2=\"tab\" id=\"pix-tab-1613519309623-9b8fcee8-ea9e\" data-bold=\"font-weight-bold\" data-italic=\"\" data-secondary=\"secondary-font\" data-id=\"1613519309623-9b8fcee8-ea9e\" data-icon=\"pixicon-icloud\" data-title=\"Cloudbay\" aria-labelledby=\"pix-tab-1613519309623-9b8fcee8-ea9e\"><div class=\"card  overflow-hidden row no-gutters flex-column flex-md-row flex-md-row-reverse   vc_custom_1614126723975 shadow-sm shadow-hover-sm fly-sm \" ><div class=\"flex-column d-inline-flex position-relative col-md-6\"><img decoding=\"async\" class=\"pix-lazy card-img pix-fit-cover rounded-0 flex-grow-1 h-100\" src=\"https:\/\/olsun.pl\/wp-content\/plugins\/pixfort-core\/functions\/images\/loading.webp\" data-srcset=\"https:\/\/olsun.pl\/wp-content\/uploads\/2021\/02\/highlight-image-3-240x300.jpg 240w, https:\/\/olsun.pl\/wp-content\/uploads\/2021\/02\/highlight-image-3.jpg 400w\" data-src=\"https:\/\/olsun.pl\/wp-content\/uploads\/2021\/02\/highlight-image-3.jpg\" loading=\"lazy\" alt=\"\" \/><\/div><div class=\"card-body d-flex2 align-content-between flex-wrap col-md-6 p-lg-5 p-md-5 p-4 \"><div id=\"1613519309627-1778d04f-7b24\" class=\"pix-feature-el text-left  vc_custom_1658057957087\"><div class=\"d-inline-block \"   style=\"position:relative;text-align:center;\"><i style=\"display:inline-block;font-size:48px;line-height:48px;\" class=\"text-primary align-middle pixicon-icloud\"><\/i><\/div><h4 class=\"font-weight-bold   text-heading-default \" style=\"padding-top:20px;\"  >Odkryj bezpieczn\u0105 przysta\u0144 do przechowywania swoich plik\u00f3w.<\/h4><div class=\"text-text-gray      \" style=\"padding-top:20px;\"  ><\/div><\/div><div class=\"d-block w-100 text-left\"><a  href=\"https:\/\/cloudbay.pl\" class=\"btn mb-2     btn-underline-primary d-inline-block pix-hover-item  no-padding     pix-btn-div btn-md\" target=\"_blank\" rel=\"noopener\"    ><span class=\"font-weight-bold \" >Cloudbay<\/span> <i class=\"font-weight-bold pixicon-angle-circle-right  pix-hover-right  ml-1\"><\/i><\/a><\/div><\/div><\/div>\n<div class=\"pix-content-box card      vc_custom_1613346403238 custom-responsive-81498130   rounded-xl shadow-sm shadow-hover-sm fly-sm animate-in bg- w-100  \"  data-anim-type=\"fade-in-up\" data-anim-delay=\"200\"><div class=\"\" style=\"z-index:30;position:relative;\">[vc_row_inner][vc_column_inner width=&#8221;1\/2&#8243;]<div id=\"1613519309633-4063cee6-feb3\" class=\"media  vc_custom_1614126732805\"><div class=\"mr-3 feature_img \"   style=\"position:relative;text-align:center;\"><i style=\"display:inline-block;font-size:48px;min-width:48px;line-height:48px;\" class=\"text-primary align-middle pixicon-do-not-disturb\"><\/i><\/div><div class=\"media-body text-left\"><h6 class=\"font-weight-bold  secondary-font text-heading-default  \" style=\"\"  >Easy to use features<\/h6><div class=\"text-body-default      \" style=\"padding-top:10px;\"  >This is just a simple text made for this unique and awesome template.<\/div><\/div><\/div><div id=\"1613519309634-b8a58b12-d165\" class=\"media  vc_custom_1613329030844\"><div class=\"mr-3 feature_img \"   style=\"position:relative;text-align:center;\"><i style=\"display:inline-block;font-size:48px;min-width:48px;line-height:48px;\" class=\"text-primary align-middle pixicon-users-2\"><\/i><\/div><div class=\"media-body text-left\"><h6 class=\"font-weight-bold  secondary-font text-heading-default  \" style=\"\"  >Join a friendly community<\/h6><div class=\"text-body-default      \" style=\"padding-top:10px;\"  >This is just a simple text made for this unique and awesome template.<\/div><\/div><\/div>[\/vc_column_inner][vc_column_inner width=&#8221;1\/2&#8243;]<div id=\"1613519309637-11f822cc-512f\" class=\"media  vc_custom_1613329587605\"><div class=\"mr-3 feature_img \"   style=\"position:relative;text-align:center;\"><i style=\"display:inline-block;font-size:48px;min-width:48px;line-height:48px;\" class=\"text-primary align-middle pixicon-world-map-3\"><\/i><\/div><div class=\"media-body text-left\"><h6 class=\"font-weight-bold  secondary-font text-heading-default  \" style=\"\"  >Join a friendly community<\/h6><div class=\"text-body-default      \" style=\"padding-top:10px;\"  >This is just a simple text made for this unique and awesome template.<\/div><\/div><\/div><div id=\"1613519309638-87f6e7ee-461c\" class=\"media  vc_custom_1613329706755\"><div class=\"mr-3 feature_img \"   style=\"position:relative;text-align:center;\"><i style=\"display:inline-block;font-size:48px;min-width:48px;line-height:48px;\" class=\"text-primary align-middle pixicon-qr-code\"><\/i><\/div><div class=\"media-body text-left\"><h6 class=\"font-weight-bold  secondary-font text-heading-default  \" style=\"\"  >Join a friendly community<\/h6><div class=\"text-body-default      \" style=\"padding-top:10px;\"  >This is just a simple text made for this unique and awesome template.<\/div><\/div><\/div>[\/vc_column_inner][\/vc_row_inner]<\/div><\/div><a  href=\"#\" class=\"btn mb-2     shadow-sm btn-secondary d-inline-block pix-hover-item       btn-lg\"     ><i class=\"font-weight-bold pixicon-user-3  pix-hover-left  mr-1\"><\/i> <span class=\"font-weight-bold \" >Create an account<\/span><\/a><a  href=\"#\" class=\"btn mb-2     btn-underline-gray-6 d-inline-block pix-hover-item       btn-lg\"     ><span class=\"font-weight-bold \" >Start working on projects<\/span> <i class=\"font-weight-bold pixicon-angle-circle-right  pix-hover-right  ml-1\"><\/i><\/a><\/div><\/div><\/div><\/div><\/div><\/div>[\/vc_column][\/vc_row][\/vc_section]<\/p>\n<\/div>","protected":false},"excerpt":{"rendered":"[vc_section full_width=&#8221;stretch_row&#8221; pix_over_visibility=&#8221;&#8221; bottom_divider_select=&#8221;8&#8243; b_has_animation=&#8221;true&#8221; b_2_is_gradient=&#8221;true&#8221; b_2_color=&#8221;rgba(255,255,255,0.01)&#8221; b_2_color_2=&#8221;rgba(255,255,255,0.01)&#8221; b_3_is_gradient=&#8221;true&#8221; b_3_color=&#8221;rgba(0,0,0,0.08)&#8221; b_3_color_2=&#8221;rgba(255,255,255,0.01)&#8221; b_3_animation=&#8221;fade-in-up&#8221; top_divider_select=&#8221;8&#8243; t_has_animation=&#8221;true&#8221; t_1_color=&#8221;rgba(152,214,98,0.01)&#8221; t_2_color=&#8221;&#8221; t_3_color=&#8221;#98d662&#8243; t_3_animation=&#8221;fade-in-up&#8221; t_flip_h=&#8221;true&#8221; pix_overlay_color=&#8221;gradient-primary&#8221; responsive_css=&#8221;{&#8222;pix_res_sm_pt&#8222;:&#8222;20&#8222;,&#8222;pix_res_sm_pb&#8222;:&#8222;20&#8222;,&#8222;pix_res_md_pt&#8222;:&#8222;40&#8222;,&#8222;pix_res_md_pb&#8222;:&#8222;40&#8222;}&#8221; css=&#8221;.vc_custom_1616378765689{padding-top: 30px !important;padding-bottom: 30px !important;}&#8221; t_custom_height=&#8221;200px&#8221; b_custom_height=&#8221;300px&#8221; pix_overlay_opacity=&#8221;1&#8243; b_3_delay=&#8221;300&#8243; t_3_delay=&#8221;150&#8243;][vc_row full_width=&#8221;stretch_row&#8221; content_placement=&#8221;middle&#8221; pix_particles_check=&#8221;&#8221; responsive_css=&#8221;{&#8222;pix_res_sm_pt&#8222;:&#8222;40&#8222;,&#8222;pix_res_sm_pb&#8222;:&#8222;40&#8222;,&#8222;pix_res_md_pt&#8222;:&#8222;40&#8222;,&#8222;pix_res_md_pb&#8222;:&#8222;40&#8222;}&#8221; css=&#8221;.vc_custom_1607913008261{padding-top: 80px !important;padding-bottom: 80px !important;}&#8221;][vc_column&#8230;","protected":false},"author":1,"featured_media":0,"parent":0,"menu_order":0,"comment_status":"closed","ping_status":"closed","template":"","meta":{"footnotes":""},"class_list":["post-3514","page","type-page","status-publish","hentry"],"_links":{"self":[{"href":"https:\/\/olsun.pl\/index.php\/wp-json\/wp\/v2\/pages\/3514","targetHints":{"allow":["GET"]}}],"collection":[{"href":"https:\/\/olsun.pl\/index.php\/wp-json\/wp\/v2\/pages"}],"about":[{"href":"https:\/\/olsun.pl\/index.php\/wp-json\/wp\/v2\/types\/page"}],"author":[{"embeddable":true,"href":"https:\/\/olsun.pl\/index.php\/wp-json\/wp\/v2\/users\/1"}],"replies":[{"embeddable":true,"href":"https:\/\/olsun.pl\/index.php\/wp-json\/wp\/v2\/comments?post=3514"}],"version-history":[{"count":8,"href":"https:\/\/olsun.pl\/index.php\/wp-json\/wp\/v2\/pages\/3514\/revisions"}],"predecessor-version":[{"id":3567,"href":"https:\/\/olsun.pl\/index.php\/wp-json\/wp\/v2\/pages\/3514\/revisions\/3567"}],"wp:attachment":[{"href":"https:\/\/olsun.pl\/index.php\/wp-json\/wp\/v2\/media?parent=3514"}],"curies":[{"name":"wp","href":"https:\/\/api.w.org\/{rel}","templated":true}]}}